{"id":4269,"date":"2023-02-15T17:29:05","date_gmt":"2023-02-15T16:29:05","guid":{"rendered":"http:\/\/euphoria-home.com\/?post_type=product&#038;p=4269"},"modified":"2023-02-15T17:37:53","modified_gmt":"2023-02-15T16:37:53","slug":"tote-bag-nasseya","status":"publish","type":"product","link":"https:\/\/euphoria-home.com\/?product=tote-bag-nasseya","title":{"rendered":"Tote Bag &#8211; Nasseya"},"content":{"rendered":"<ul>\n<li>Couleur Naturelle: Noir ou Cr\u00e8me<\/li>\n<li>Composition: 100% de coton organique<\/li>\n<li>Contenance: Capacit\u00e9 de 10 litres.<\/li>\n<li>Poids extr\u00eamement l\u00e9ger: Environ 100 Gr<\/li>\n<li>Lavage du sac: Lavage \u00e0 l&rsquo;envers \u00e0 la main<\/li>\n<li>Repassage sur l&rsquo;envers<\/li>\n<li>Sac imprim\u00e9<\/li>\n<\/ul>\n","protected":false},"excerpt":{"rendered":"<p>Le\u00a0<b>Tote Bag\u00a0<\/b>se porte \u00e0 la main ou sur l\u2019\u00e9paule pour trimbaler tous vos effets personnels ou vos courses.<\/p>\n<p><b>Sac<\/b> si l\u00e9ger et styl\u00e9 qu&rsquo;on l&rsquo;utilise pour tout et partout: en sac de plage, sac \u00e0 main, sac de courses, sac fourre-tout, pour aller en cours&#8230;<\/p>\n<p><strong>Poids:<\/strong> Environ 100 Gr<br \/>\n<strong>Dimensions:<\/strong> 35 \u00d7 35 Cm<br \/>\n<strong>Couleurs:<\/strong> Cr\u00e8me ou Noir<\/p>\n","protected":false},"featured_media":4196,"comment_status":"open","ping_status":"closed","template":"","meta":[],"product_brand":[],"product_cat":[70],"product_tag":[],"class_list":{"0":"post-4269","1":"product","2":"type-product","3":"status-publish","4":"has-post-thumbnail","6":"product_cat-tote-bags","8":"first","9":"instock","10":"sale","11":"shipping-taxable","12":"purchasable","13":"product-type-variable"},"_links":{"self":[{"href":"https:\/\/euphoria-home.com\/index.php?rest_route=\/wp\/v2\/product\/4269","targetHints":{"allow":["GET"]}}],"collection":[{"href":"https:\/\/euphoria-home.com\/index.php?rest_route=\/wp\/v2\/product"}],"about":[{"href":"https:\/\/euphoria-home.com\/index.php?rest_route=\/wp\/v2\/types\/product"}],"replies":[{"embeddable":true,"href":"https:\/\/euphoria-home.com\/index.php?rest_route=%2Fwp%2Fv2%2Fcomments&post=4269"}],"wp:featuredmedia":[{"embeddable":true,"href":"https:\/\/euphoria-home.com\/index.php?rest_route=\/wp\/v2\/media\/4196"}],"wp:attachment":[{"href":"https:\/\/euphoria-home.com\/index.php?rest_route=%2Fwp%2Fv2%2Fmedia&parent=4269"}],"wp:term":[{"taxonomy":"product_brand","embeddable":true,"href":"https:\/\/euphoria-home.com\/index.php?rest_route=%2Fwp%2Fv2%2Fproduct_brand&post=4269"},{"taxonomy":"product_cat","embeddable":true,"href":"https:\/\/euphoria-home.com\/index.php?rest_route=%2Fwp%2Fv2%2Fproduct_cat&post=4269"},{"taxonomy":"product_tag","embeddable":true,"href":"https:\/\/euphoria-home.com\/index.php?rest_route=%2Fwp%2Fv2%2Fproduct_tag&post=4269"}],"curies":[{"name":"wp","href":"https:\/\/api.w.org\/{rel}","templated":true}]}}